{"id":269,"date":"2018-01-27T08:47:30","date_gmt":"2018-01-27T07:47:30","guid":{"rendered":"https:\/\/www.koomeo.com\/fr\/?page_id=269"},"modified":"2021-09-30T09:00:25","modified_gmt":"2021-09-30T07:00:25","slug":"glossaire","status":"publish","type":"page","link":"https:\/\/www.koomeo.com\/fr\/glossaire\/","title":{"rendered":"Glossaire"},"content":{"rendered":"<p>&nbsp;<\/p>\n<h3>M\u00e9moire de traduction :<\/h3>\n<p>Une m\u00e9moire de traduction est une base de donn\u00e9es contenant des segments de texte ainsi que l&rsquo;\u00e9quivalent de ces segments dans une autre langue. Elle permet de stocker des segments de phrase et de les r\u00e9utiliser. On parle dans ce cas de traduction assist\u00e9e par ordinateur.<\/p>\n<p>&nbsp;<\/p>\n<h3>Lexique :<\/h3>\n<p>En linguistique, le lexique d&rsquo;une langue peut \u00eatre d\u00e9fini comme son vocabulaire. Dans le travail au quotidien des traducteurs, le lexique peut \u00eatre fournit par l&rsquo;entreprise qui demande \u00e0 faire traduire un document ou un ensemble de documents. En effet, l&rsquo;utilisation du lexique peut faciliter la continuit\u00e9, la coh\u00e9rence dans l&rsquo;usage de certains termes r\u00e9currents.<img loading=\"lazy\" decoding=\"async\" class=\"size-medium wp-image-118 alignright\" src=\"https:\/\/www.koomeo.com\/fr\/wp-content\/uploads\/2016\/10\/computer-1176260-300x214.jpg\" alt=\"qu'est ce que la gestion m\u00e9moire de traduction\" width=\"300\" height=\"214\" srcset=\"https:\/\/www.koomeo.com\/fr\/wp-content\/uploads\/2016\/10\/computer-1176260-300x214.jpg 300w, https:\/\/www.koomeo.com\/fr\/wp-content\/uploads\/2016\/10\/computer-1176260-768x547.jpg 768w, https:\/\/www.koomeo.com\/fr\/wp-content\/uploads\/2016\/10\/computer-1176260-1024x729.jpg 1024w, https:\/\/www.koomeo.com\/fr\/wp-content\/uploads\/2016\/10\/computer-1176260-830x591.jpg 830w, https:\/\/www.koomeo.com\/fr\/wp-content\/uploads\/2016\/10\/computer-1176260-230x164.jpg 230w, https:\/\/www.koomeo.com\/fr\/wp-content\/uploads\/2016\/10\/computer-1176260-350x249.jpg 350w, https:\/\/www.koomeo.com\/fr\/wp-content\/uploads\/2016\/10\/computer-1176260-480x342.jpg 480w\" sizes=\"(max-width: 300px) 100vw, 300px\" \/><\/p>\n<p>&nbsp;<\/p>\n<h3>TAO :<\/h3>\n<p>L&rsquo;acronyme TAO signifie Traduction Assist\u00e9e par Ordinateur. La traduction assist\u00e9e par ordinateur (TAO) est un domaine qui est \u00e0 cheval entre la traduction et l\u2019informatique. Elle est un sous-domaine de la traductique, qui regroupe l&rsquo;ensemble des outils informatiques utilis\u00e9es par un traducteur (traitement de textes, outils terminologiques, traduction automatique&#8230;).<\/p>\n<p>&nbsp;<\/p>\n<h3>Plugin :<\/h3>\n<p>En informatique, un plugin ou plug-in, aussi nomm\u00e9 module d&rsquo;extension, module externe, greffon, plugiciel, ainsi que add-in ou add-on en France, est un paquet qui compl\u00e8te un logiciel h\u00f4te pour lui apporter de nouvelles fonctionnalit\u00e9s.<\/p>\n<p>La plupart du temps, ces programmes sont caract\u00e9ris\u00e9s de la fa\u00e7on suivante&nbsp;:<\/p>\n<ul>\n<li>ils ne peuvent fonctionner seuls car ils sont uniquement destin\u00e9s \u00e0 apporter une fonctionnalit\u00e9 \u00e0 un ou plusieurs logiciels&nbsp;;<\/li>\n<li>ils sont mis au point par des personnes n&rsquo;ayant pas n\u00e9cessairement de relation avec les auteurs du logiciel principal.<\/li>\n<\/ul>\n<p>&nbsp;<\/p>\n<h3>Segment :<\/h3>\n<p>Le logiciel Koomeo va \u00ab\u00a0d\u00e9couper\u00a0\u00bb virtuellement votre document en groupes de mots, phrases ou paragraphes. On appellera cela des segments.<\/p>\n<p>&nbsp;<\/p>\n<h3>Traduction automatique&nbsp;:<\/h3>\n<p>La traduction automatique d\u00e9signe la traduction d&rsquo;un texte enti\u00e8rement r\u00e9alis\u00e9e par un ou plusieurs programmes informatiques, sans qu&rsquo;un traducteur humain n&rsquo;ait \u00e0 intervenir. On la distingue de la traduction assist\u00e9e par ordinateur o\u00f9 la traduction est en partie manuelle, \u00e9ventuellement de fa\u00e7on interactive avec la machine.<\/p>\n<p>&nbsp;<\/p>\n<h3>Recherche de concordance :<\/h3>\n<p>Lorsque vous souhaitez voir comment vous avez pu traduire une phrase, un groupe de mots ou un mot pr\u00e9c\u00e9demment, vous pouvez faire appel \u00e0 cette fonction. La recherche de concordance permet de faire une comparaison rapide afin de choisir la solution la plus pertinente pour le segment \u00e0 traduire.<\/p>\n<p>&nbsp;<\/p>\n<h3>Workshop :<\/h3>\n<p>Espace de travail sur lequel des projets peuvent \u00eatre import\u00e9s, traduits et relus par le ou les chefs de projet et les membres ajout\u00e9s sur chaque projet.<\/p>\n<p>&nbsp;<\/p>\n<h3><img loading=\"lazy\" decoding=\"async\" class=\"wp-image-275 size-medium alignleft\" style=\"font-size: 16px; font-weight: normal;\" src=\"https:\/\/www.koomeo.com\/fr\/wp-content\/uploads\/2017\/06\/computer-1185567_1280-300x214.jpg\" alt=\"quelles alternatives \u00e0 wordfast sdl trados memoq\" width=\"300\" height=\"214\" srcset=\"https:\/\/www.koomeo.com\/fr\/wp-content\/uploads\/2017\/06\/computer-1185567_1280-300x214.jpg 300w, https:\/\/www.koomeo.com\/fr\/wp-content\/uploads\/2017\/06\/computer-1185567_1280-768x548.jpg 768w, https:\/\/www.koomeo.com\/fr\/wp-content\/uploads\/2017\/06\/computer-1185567_1280-1024x731.jpg 1024w, https:\/\/www.koomeo.com\/fr\/wp-content\/uploads\/2017\/06\/computer-1185567_1280-830x593.jpg 830w, https:\/\/www.koomeo.com\/fr\/wp-content\/uploads\/2017\/06\/computer-1185567_1280-230x164.jpg 230w, https:\/\/www.koomeo.com\/fr\/wp-content\/uploads\/2017\/06\/computer-1185567_1280-350x250.jpg 350w, https:\/\/www.koomeo.com\/fr\/wp-content\/uploads\/2017\/06\/computer-1185567_1280-480x343.jpg 480w, https:\/\/www.koomeo.com\/fr\/wp-content\/uploads\/2017\/06\/computer-1185567_1280.jpg 1280w\" sizes=\"(max-width: 300px) 100vw, 300px\" \/><\/h3>\n<h3>Ambassadeur :<\/h3>\n<p>Les ambassadeurs sont des \u00e9tudiants de L3 ou de master. Ils sont au nombre de 2 par \u00e9tablissement. Les ambassadeurs ont comme mission de convaincre le plus grand nombre d\u2019\u00e9tudiants de leur \u00e9cole d\u2019utiliser le service Koomeo. Ils sont choisis et nomm\u00e9s par les \u00e9quipes de Koomeo. Leur statut d\u2019ambassadeur est valable pour une ann\u00e9e scolaire. Il pourra \u00eatre renouvel\u00e9 ou non par les \u00e9quipes de Koomeo.<\/p>\n<p>&nbsp;<\/p>\n<h3>Parrainage :<\/h3>\n<p>L&rsquo;\u00e9quipe Koomeo a mis en place un syst\u00e8me de parrainage. Parlez de la plate-forme \u00e0 vos connaissances et profitez vous aussi des avantages de notre programme parrain\/filleul. N&rsquo;h\u00e9sitez pas \u00e0 nous contacter pour plus d&rsquo;informations.<\/p>\n<p>&nbsp;<\/p>\n<h3>Le programme \u00e9ducation :<\/h3>\n<p>L&rsquo;usage de Koomeo est gratuit pour les \u00e9tudiants (\u00e9tudiants en langues, en documentation et dans le domaine du d\u00e9veloppement informatique). En effet, la plate-forme de gestion de contenus multilingues est mise \u00e0 disposition des \u00e9tudiants \u00e0 partir du moment o\u00f9 ils peuvent justifier de leur inscription dans un \u00e9tablissement scolaire pour l&rsquo;ann\u00e9e en cours.<\/p>\n<p>&nbsp;<\/p>\n<h3>Xl8 :<\/h3>\n<p>Mot di\u00e8se (Hashtag, #) souvent utilis\u00e9 sur Twitter par les personnes int\u00e9ress\u00e9es par le monde de la traduction. Il signifie \u00ab&nbsp;Translate&nbsp;\u00bb (Trans-l-eight).<\/p>\n<p>&nbsp;<\/p>\n<h3>T9n :<\/h3>\n<p>Mot di\u00e8se (Hashtag, #) souvent utilis\u00e9 sur Twitter par les personnes int\u00e9ress\u00e9es par le monde de la traduction. Il signifie \u00ab&nbsp;Translation&nbsp;\u00bb.<\/p>\n<p>&nbsp;<\/p>\n<h3>Membre Koomeo :<\/h3>\n<p>Tout utilisateur de Koomeo est un membre Koomeo, qu\u2019il soit sur une offre gratuite (membre invit\u00e9) ou payante<img loading=\"lazy\" decoding=\"async\" class=\"size-medium wp-image-92 alignright\" src=\"https:\/\/www.koomeo.com\/fr\/wp-content\/uploads\/2016\/10\/basic-1295841_1280-283x300.png\" alt=\"qu'est ce que des m\u00e9moires de traduction et lexiques\" width=\"283\" height=\"300\" srcset=\"https:\/\/www.koomeo.com\/fr\/wp-content\/uploads\/2016\/10\/basic-1295841_1280-283x300.png 283w, https:\/\/www.koomeo.com\/fr\/wp-content\/uploads\/2016\/10\/basic-1295841_1280-768x814.png 768w, https:\/\/www.koomeo.com\/fr\/wp-content\/uploads\/2016\/10\/basic-1295841_1280-966x1024.png 966w, https:\/\/www.koomeo.com\/fr\/wp-content\/uploads\/2016\/10\/basic-1295841_1280-830x880.png 830w, https:\/\/www.koomeo.com\/fr\/wp-content\/uploads\/2016\/10\/basic-1295841_1280-230x244.png 230w, https:\/\/www.koomeo.com\/fr\/wp-content\/uploads\/2016\/10\/basic-1295841_1280-350x371.png 350w, https:\/\/www.koomeo.com\/fr\/wp-content\/uploads\/2016\/10\/basic-1295841_1280-480x509.png 480w, https:\/\/www.koomeo.com\/fr\/wp-content\/uploads\/2016\/10\/basic-1295841_1280.png 1207w\" sizes=\"(max-width: 283px) 100vw, 283px\" \/><\/p>\n<p>&nbsp;<\/p>\n<h3>Membre actif :<\/h3>\n<p>Les membres actifs sont tous les membres de Koomeo hormis les membres invit\u00e9s.<\/p>\n<p>&nbsp;<\/p>\n<h3>Le membre invit\u00e9 (gratuit, inscription obligatoire) :<\/h3>\n<p>Le membre invit\u00e9 ne fait pas partie de la communaut\u00e9 active Koomeo, l\u2019acc\u00e8s lui sera autoris\u00e9 le temps du (ou des) projet(s) auquel il aura \u00e9t\u00e9 invit\u00e9 dans les workshops de membres actifs.<br \/>\nIl ne poss\u00e9dera pas lui-m\u00eame de workshop.<br \/>\nLe membre invit\u00e9 pourra tenir le r\u00f4le de traducteur ou de relecteur, celui de chef de projet \u00e9tant r\u00e9serv\u00e9 aux membres actifs disposant d\u2019un workshop. Il pourra \u00e0 tout moment \u00e9voluer vers une offre active. En tant que membre invit\u00e9, il ne pourra pas participer \u00e0 plus de 2 projets simultan\u00e9ment (non archiv\u00e9s).<br \/>\nPour \u00eatre invit\u00e9, il faudra qu\u2019un membre Koomeo disposant d\u2019un workshop l\u2019ajoute via son adresse mail au projet. Alors, il sera notifi\u00e9 par mail de son ajout qu\u2019il pourra accepter ou d\u00e9cliner. Apr\u00e8s acceptation, il pourra alors se connecter dans le workshop o\u00f9 il a \u00e9t\u00e9 invit\u00e9. D\u00e8s lors, il acc\u00e9dera au projet selon le r\u00f4le qui lui aura \u00e9t\u00e9 attribu\u00e9 (traducteur ou relecteur).<br \/>\nLors d\u2019une premi\u00e8re invitation, le membre invit\u00e9 devra renseigner les informations demand\u00e9es pour valider son compte.<\/p>\n<p>&nbsp;<\/p>\n<h3>Un membre white :<\/h3>\n<p>C\u2019est un membre Koomeo qui paye son inscription \u00e0 la communaut\u00e9.<br \/>\nIl ne poss\u00e8de pas de workshop.<br \/>\nLes membres Koomeo disposant d\u2019un workshop pourront l\u2019ajouter, via son adresse mail, sur un ou des projets ou en tant qu\u2019utilisateur r\u00e9gulier. Il sera notifi\u00e9 par mail de son rattachement qu\u2019il acceptera ou non. Il pourra alors se connecter sur le workshop du projet avec ses identifiants uniques, et acc\u00e9der au(x) projet(s) avec le r\u00f4le qui lui aura \u00e9t\u00e9 attribu\u00e9 (traducteur ou relecteur).<\/p>\n<p>&nbsp;<\/p>\n<h3>Un ticket de support :<\/h3>\n<p><img loading=\"lazy\" decoding=\"async\" class=\"wp-image-270 alignright\" src=\"https:\/\/www.koomeo.com\/fr\/wp-content\/uploads\/2017\/06\/Fotolia_70526592_XS.jpg\" alt=\"gestion de projets multilingues documentaliste\" width=\"211\" height=\"282\" srcset=\"https:\/\/www.koomeo.com\/fr\/wp-content\/uploads\/2017\/06\/Fotolia_70526592_XS.jpg 300w, https:\/\/www.koomeo.com\/fr\/wp-content\/uploads\/2017\/06\/Fotolia_70526592_XS-224x300.jpg 224w, https:\/\/www.koomeo.com\/fr\/wp-content\/uploads\/2017\/06\/Fotolia_70526592_XS-230x307.jpg 230w\" sizes=\"(max-width: 211px) 100vw, 211px\" \/><\/p>\n<p>Il existe 3 formes de tickets, les demandes d\u2019am\u00e9lioration, les reports de bugs et les demandes d\u2019assistance. Un ticket support pourra \u00eatre soumis par tout membre actif. Un nombre de tickets payants annuels est affect\u00e9 \u00e0 un workshop (variable en fonction du type et de la variante de souscription choisie).<\/p>\n<p>En cas de non utilisation au bout d\u2019une ann\u00e9e, ils sont perdus.<\/p>\n<p>Les tickets de demandes d\u2019am\u00e9lioration et de reports de bugs sont gratuits.<\/p>\n<p>Seuls les tickets d\u2019assistance sont payants.<\/p>\n<p>Dans le cas d\u2019une demande d\u2019assistance, un ticket correspondra \u00e0 une prestation d\u2019assistance de 30 min (formation*, envoi de documentation, t\u00e9l\u00e9assistance, prise en mains \u00e0 distance). Le nombre de tickets d\u00e9compt\u00e9s correspondra au nombre de tranche entam\u00e9s. Si une demande d\u2019assistance est faite alors que le membre actif n\u2019a plus (ou pas) de ticket support restant, un mail signalera au membre actif que la demande ne pourra \u00eatre trait\u00e9e.<\/p>\n<p>Il pourra alors acqu\u00e9rir des tickets suppl\u00e9mentaires ou annuler sa demande. Sans retour au bout de 48h, la demande sera automatiquement annul\u00e9e.<\/p>\n<p>*Formation \u00e0 distance uniquement, non d\u00e9ductible de votre budget formation continu. Pour les prestations sur site nous contacter pour avoir un devis.<\/p>\n<p>&nbsp;<\/p>\n<h3>Sauvegarde :<\/h3>\n<p>La sauvegarde consiste \u00e0 copier l\u2019\u00e9tat du workshop une fois par jour afin de pr\u00e9venir les probl\u00e8mes technique. La sauvegarde est conserv\u00e9e 28 jours.<\/p>\n<p>&nbsp;<\/p>\n<h3>Restauration :<\/h3>\n<p>La restauration permet de retrouver l\u2019\u00e9tat d\u2019un workshop \u00e0 une date ant\u00e9rieure parmi les 28 derniers jours. Cependant, en cas de mauvaise manipulation ou besoin de r\u00e9cup\u00e9rer des donn\u00e9es effac\u00e9es, il vous sera possible de demander une restauration \u00e0 une date ant\u00e9rieur allant jusqu\u2019\u00e0 28 jours. Cette fonctionnalit\u00e9 d\u00e9comptera un ticket payant, sauf pour l\u2019offre premium. Avant la restauration une sauvegarde de votre workshop sera faite pour pouvoir annuler la restauration (l\u2019annulation d\u00e9comptera un deuxi\u00e8me ticket).<\/p>\n<p>Dans le cas exceptionnel d\u2019un probl\u00e8me sur la structure h\u00e9bergeant les services Koomeo, l\u2019\u00e9quipe de Koomeo pourront restaurer une version ant\u00e9rieure de votre workshop.<\/p>\n","protected":false},"excerpt":{"rendered":"<p>&nbsp; M\u00e9moire de traduction : Une m\u00e9moire de traduction est une base de donn\u00e9es contenant des segments de texte ainsi que l&rsquo;\u00e9quivalent [&hellip;]<\/p>\n","protected":false},"author":1,"featured_media":0,"parent":0,"menu_order":0,"comment_status":"closed","ping_status":"closed","template":"page-templates\/page_fullwidth.php","meta":{"footnotes":""},"class_list":["post-269","page","type-page","status-publish","hentry"],"yoast_head":"<!-- This site is optimized with the Yoast SEO plugin v23.8 - https:\/\/yoast.com\/wordpress\/plugins\/seo\/ -->\r\n<title>Glossaire<\/title>\r\n<meta name=\"description\" content=\"Koomeo poss\u00e8de son propre vocabulaire ! Vous \u00eates perdus ? Vous avez un doute ? Vous trouverez surement la d\u00e9finition recherch\u00e9e sur cette page.\" \/>\r\n<meta name=\"robots\" content=\"index, follow, max-snippet:-1, max-image-preview:large, max-video-preview:-1\" \/>\r\n<link rel=\"canonical\" href=\"https:\/\/www.koomeo.com\/fr\/glossaire\/\" \/>\r\n<meta property=\"og:locale\" content=\"fr_FR\" \/>\r\n<meta property=\"og:type\" content=\"article\" \/>\r\n<meta property=\"og:title\" content=\"Glossaire\" \/>\r\n<meta property=\"og:description\" content=\"Koomeo poss\u00e8de son propre vocabulaire ! Vous \u00eates perdus ? Vous avez un doute ? Vous trouverez surement la d\u00e9finition recherch\u00e9e sur cette page.\" \/>\r\n<meta property=\"og:url\" content=\"https:\/\/www.koomeo.com\/fr\/glossaire\/\" \/>\r\n<meta property=\"og:site_name\" content=\"Koomeo\" \/>\r\n<meta property=\"article:modified_time\" content=\"2021-09-30T07:00:25+00:00\" \/>\r\n<meta property=\"og:image\" content=\"https:\/\/www.koomeo.com\/fr\/wp-content\/uploads\/2016\/10\/computer-1176260-300x214.jpg\" \/>\r\n<meta name=\"twitter:card\" content=\"summary_large_image\" \/>\r\n<meta name=\"twitter:label1\" content=\"Dur\u00e9e de lecture estim\u00e9e\" \/>\n\t<meta name=\"twitter:data1\" content=\"7 minutes\" \/>\r\n<script type=\"application\/ld+json\" class=\"yoast-schema-graph\">{\"@context\":\"https:\/\/schema.org\",\"@graph\":[{\"@type\":\"WebPage\",\"@id\":\"https:\/\/www.koomeo.com\/fr\/glossaire\/\",\"url\":\"https:\/\/www.koomeo.com\/fr\/glossaire\/\",\"name\":\"Glossaire\",\"isPartOf\":{\"@id\":\"https:\/\/www.koomeo.com\/fr\/#website\"},\"primaryImageOfPage\":{\"@id\":\"https:\/\/www.koomeo.com\/fr\/glossaire\/#primaryimage\"},\"image\":{\"@id\":\"https:\/\/www.koomeo.com\/fr\/glossaire\/#primaryimage\"},\"thumbnailUrl\":\"https:\/\/www.koomeo.com\/fr\/wp-content\/uploads\/2016\/10\/computer-1176260-300x214.jpg\",\"datePublished\":\"2018-01-27T07:47:30+00:00\",\"dateModified\":\"2021-09-30T07:00:25+00:00\",\"description\":\"Koomeo poss\u00e8de son propre vocabulaire ! Vous \u00eates perdus ? Vous avez un doute ? Vous trouverez surement la d\u00e9finition recherch\u00e9e sur cette page.\",\"breadcrumb\":{\"@id\":\"https:\/\/www.koomeo.com\/fr\/glossaire\/#breadcrumb\"},\"inLanguage\":\"fr-FR\",\"potentialAction\":[{\"@type\":\"ReadAction\",\"target\":[\"https:\/\/www.koomeo.com\/fr\/glossaire\/\"]}]},{\"@type\":\"ImageObject\",\"inLanguage\":\"fr-FR\",\"@id\":\"https:\/\/www.koomeo.com\/fr\/glossaire\/#primaryimage\",\"url\":\"https:\/\/www.koomeo.com\/fr\/wp-content\/uploads\/2016\/10\/computer-1176260.jpg\",\"contentUrl\":\"https:\/\/www.koomeo.com\/fr\/wp-content\/uploads\/2016\/10\/computer-1176260.jpg\",\"width\":2893,\"height\":2060},{\"@type\":\"BreadcrumbList\",\"@id\":\"https:\/\/www.koomeo.com\/fr\/glossaire\/#breadcrumb\",\"itemListElement\":[{\"@type\":\"ListItem\",\"position\":1,\"name\":\"Accueil\",\"item\":\"https:\/\/www.koomeo.com\/fr\/\"},{\"@type\":\"ListItem\",\"position\":2,\"name\":\"Glossaire\"}]},{\"@type\":\"WebSite\",\"@id\":\"https:\/\/www.koomeo.com\/fr\/#website\",\"url\":\"https:\/\/www.koomeo.com\/fr\/\",\"name\":\"Koomeo\",\"description\":\"Le langage n&#039;est plus une barri\u00e8re\",\"publisher\":{\"@id\":\"https:\/\/www.koomeo.com\/fr\/#organization\"},\"potentialAction\":[{\"@type\":\"SearchAction\",\"target\":{\"@type\":\"EntryPoint\",\"urlTemplate\":\"https:\/\/www.koomeo.com\/fr\/?s={search_term_string}\"},\"query-input\":{\"@type\":\"PropertyValueSpecification\",\"valueRequired\":true,\"valueName\":\"search_term_string\"}}],\"inLanguage\":\"fr-FR\"},{\"@type\":\"Organization\",\"@id\":\"https:\/\/www.koomeo.com\/fr\/#organization\",\"name\":\"Koomeo\",\"url\":\"https:\/\/www.koomeo.com\/fr\/\",\"logo\":{\"@type\":\"ImageObject\",\"inLanguage\":\"fr-FR\",\"@id\":\"https:\/\/www.koomeo.com\/fr\/#\/schema\/logo\/image\/\",\"url\":\"https:\/\/www.koomeo.com\/fr\/wp-content\/uploads\/2016\/10\/Koomeo-noir-e1476887045876.png\",\"contentUrl\":\"https:\/\/www.koomeo.com\/fr\/wp-content\/uploads\/2016\/10\/Koomeo-noir-e1476887045876.png\",\"width\":1024,\"height\":768,\"caption\":\"Koomeo\"},\"image\":{\"@id\":\"https:\/\/www.koomeo.com\/fr\/#\/schema\/logo\/image\/\"}}]}<\/script>\r\n<!-- \/ Yoast SEO plugin. -->","yoast_head_json":{"title":"Glossaire","description":"Koomeo poss\u00e8de son propre vocabulaire ! Vous \u00eates perdus ? Vous avez un doute ? Vous trouverez surement la d\u00e9finition recherch\u00e9e sur cette page.","robots":{"index":"index","follow":"follow","max-snippet":"max-snippet:-1","max-image-preview":"max-image-preview:large","max-video-preview":"max-video-preview:-1"},"canonical":"https:\/\/www.koomeo.com\/fr\/glossaire\/","og_locale":"fr_FR","og_type":"article","og_title":"Glossaire","og_description":"Koomeo poss\u00e8de son propre vocabulaire ! Vous \u00eates perdus ? Vous avez un doute ? Vous trouverez surement la d\u00e9finition recherch\u00e9e sur cette page.","og_url":"https:\/\/www.koomeo.com\/fr\/glossaire\/","og_site_name":"Koomeo","article_modified_time":"2021-09-30T07:00:25+00:00","og_image":[{"url":"https:\/\/www.koomeo.com\/fr\/wp-content\/uploads\/2016\/10\/computer-1176260-300x214.jpg"}],"twitter_card":"summary_large_image","twitter_misc":{"Dur\u00e9e de lecture estim\u00e9e":"7 minutes"},"schema":{"@context":"https:\/\/schema.org","@graph":[{"@type":"WebPage","@id":"https:\/\/www.koomeo.com\/fr\/glossaire\/","url":"https:\/\/www.koomeo.com\/fr\/glossaire\/","name":"Glossaire","isPartOf":{"@id":"https:\/\/www.koomeo.com\/fr\/#website"},"primaryImageOfPage":{"@id":"https:\/\/www.koomeo.com\/fr\/glossaire\/#primaryimage"},"image":{"@id":"https:\/\/www.koomeo.com\/fr\/glossaire\/#primaryimage"},"thumbnailUrl":"https:\/\/www.koomeo.com\/fr\/wp-content\/uploads\/2016\/10\/computer-1176260-300x214.jpg","datePublished":"2018-01-27T07:47:30+00:00","dateModified":"2021-09-30T07:00:25+00:00","description":"Koomeo poss\u00e8de son propre vocabulaire ! Vous \u00eates perdus ? Vous avez un doute ? Vous trouverez surement la d\u00e9finition recherch\u00e9e sur cette page.","breadcrumb":{"@id":"https:\/\/www.koomeo.com\/fr\/glossaire\/#breadcrumb"},"inLanguage":"fr-FR","potentialAction":[{"@type":"ReadAction","target":["https:\/\/www.koomeo.com\/fr\/glossaire\/"]}]},{"@type":"ImageObject","inLanguage":"fr-FR","@id":"https:\/\/www.koomeo.com\/fr\/glossaire\/#primaryimage","url":"https:\/\/www.koomeo.com\/fr\/wp-content\/uploads\/2016\/10\/computer-1176260.jpg","contentUrl":"https:\/\/www.koomeo.com\/fr\/wp-content\/uploads\/2016\/10\/computer-1176260.jpg","width":2893,"height":2060},{"@type":"BreadcrumbList","@id":"https:\/\/www.koomeo.com\/fr\/glossaire\/#breadcrumb","itemListElement":[{"@type":"ListItem","position":1,"name":"Accueil","item":"https:\/\/www.koomeo.com\/fr\/"},{"@type":"ListItem","position":2,"name":"Glossaire"}]},{"@type":"WebSite","@id":"https:\/\/www.koomeo.com\/fr\/#website","url":"https:\/\/www.koomeo.com\/fr\/","name":"Koomeo","description":"Le langage n&#039;est plus une barri\u00e8re","publisher":{"@id":"https:\/\/www.koomeo.com\/fr\/#organization"},"potentialAction":[{"@type":"SearchAction","target":{"@type":"EntryPoint","urlTemplate":"https:\/\/www.koomeo.com\/fr\/?s={search_term_string}"},"query-input":{"@type":"PropertyValueSpecification","valueRequired":true,"valueName":"search_term_string"}}],"inLanguage":"fr-FR"},{"@type":"Organization","@id":"https:\/\/www.koomeo.com\/fr\/#organization","name":"Koomeo","url":"https:\/\/www.koomeo.com\/fr\/","logo":{"@type":"ImageObject","inLanguage":"fr-FR","@id":"https:\/\/www.koomeo.com\/fr\/#\/schema\/logo\/image\/","url":"https:\/\/www.koomeo.com\/fr\/wp-content\/uploads\/2016\/10\/Koomeo-noir-e1476887045876.png","contentUrl":"https:\/\/www.koomeo.com\/fr\/wp-content\/uploads\/2016\/10\/Koomeo-noir-e1476887045876.png","width":1024,"height":768,"caption":"Koomeo"},"image":{"@id":"https:\/\/www.koomeo.com\/fr\/#\/schema\/logo\/image\/"}}]}},"_links":{"self":[{"href":"https:\/\/www.koomeo.com\/fr\/wp-json\/wp\/v2\/pages\/269"}],"collection":[{"href":"https:\/\/www.koomeo.com\/fr\/wp-json\/wp\/v2\/pages"}],"about":[{"href":"https:\/\/www.koomeo.com\/fr\/wp-json\/wp\/v2\/types\/page"}],"author":[{"embeddable":true,"href":"https:\/\/www.koomeo.com\/fr\/wp-json\/wp\/v2\/users\/1"}],"replies":[{"embeddable":true,"href":"https:\/\/www.koomeo.com\/fr\/wp-json\/wp\/v2\/comments?post=269"}],"version-history":[{"count":15,"href":"https:\/\/www.koomeo.com\/fr\/wp-json\/wp\/v2\/pages\/269\/revisions"}],"predecessor-version":[{"id":634,"href":"https:\/\/www.koomeo.com\/fr\/wp-json\/wp\/v2\/pages\/269\/revisions\/634"}],"wp:attachment":[{"href":"https:\/\/www.koomeo.com\/fr\/wp-json\/wp\/v2\/media?parent=269"}],"curies":[{"name":"wp","href":"https:\/\/api.w.org\/{rel}","templated":true}]}}