{"id":461,"date":"2018-01-02T14:41:10","date_gmt":"2018-01-02T13:41:10","guid":{"rendered":"https:\/\/www.koomeo.com\/fr\/?page_id=461"},"modified":"2018-01-12T14:41:36","modified_gmt":"2018-01-12T13:41:36","slug":"fonctionnalites","status":"publish","type":"page","link":"https:\/\/www.koomeo.com\/fr\/fonctionnalites\/","title":{"rendered":"Fonctionnalit\u00e9s"},"content":{"rendered":"<h2>Gestion de projets<\/h2>\n<p>&nbsp;<\/p>\n<h3>Gestion des collaborateurs<\/h3>\n<p><img loading=\"lazy\" decoding=\"async\" class=\"size-medium wp-image-483 alignright\" src=\"https:\/\/www.koomeo.com\/fr\/wp-content\/uploads\/2017\/08\/business-man-2356422_1280-300x300.png\" alt=\"gestion de projets de traduction multilingue\" width=\"300\" height=\"300\" srcset=\"https:\/\/www.koomeo.com\/fr\/wp-content\/uploads\/2017\/08\/business-man-2356422_1280-300x300.png 300w, https:\/\/www.koomeo.com\/fr\/wp-content\/uploads\/2017\/08\/business-man-2356422_1280-150x150.png 150w, https:\/\/www.koomeo.com\/fr\/wp-content\/uploads\/2017\/08\/business-man-2356422_1280-768x768.png 768w, https:\/\/www.koomeo.com\/fr\/wp-content\/uploads\/2017\/08\/business-man-2356422_1280-1024x1024.png 1024w, https:\/\/www.koomeo.com\/fr\/wp-content\/uploads\/2017\/08\/business-man-2356422_1280-830x830.png 830w, https:\/\/www.koomeo.com\/fr\/wp-content\/uploads\/2017\/08\/business-man-2356422_1280-230x230.png 230w, https:\/\/www.koomeo.com\/fr\/wp-content\/uploads\/2017\/08\/business-man-2356422_1280-350x350.png 350w, https:\/\/www.koomeo.com\/fr\/wp-content\/uploads\/2017\/08\/business-man-2356422_1280-480x480.png 480w, https:\/\/www.koomeo.com\/fr\/wp-content\/uploads\/2017\/08\/business-man-2356422_1280.png 1280w\" sizes=\"(max-width: 300px) 100vw, 300px\" \/>Koomeo met en avant la collaboration et la gestion de projets.<\/p>\n<p>De ce fait, la gestion des collaborateurs est une fonctionnalit\u00e9 qui n&rsquo;a pas \u00e9t\u00e9 prise \u00e0 la l\u00e9g\u00e8re.<\/p>\n<p>Chaque participant au projet a un ou des r\u00f4les bien d\u00e9fini par la personne \u00e0 l&rsquo;initiative du projet de traduction. Celui ci peut m\u00eame d\u00e9l\u00e9guer le travail de chef de projet \u00e0 une ou plusieurs personnes s&rsquo;il le souhaite.<\/p>\n<p>Via une interface simple et claire, le cr\u00e9ateur du projet ajoute les personnes qu&rsquo;il souhaite voir participer au projet en les choisissant dans la liste des utilisateurs inscrits sur sa plate-forme (ou plus largement, en option, parmi l&rsquo;ensemble des membres de la communaut\u00e9 Koomeo).<\/p>\n<p>Il peut attribuer le travail en fonction des t\u00e2ches (traducteurs, relecteurs, d\u00e9l\u00e9gu\u00e9s) et des langues (un ou plusieurs relecteurs pour la langue portugaise par exemple).<\/p>\n<p>&nbsp;<\/p>\n<h3>Gestion des droits<\/h3>\n<p>Une gestion pouss\u00e9e des droits vient compl\u00e9ter cette organisation des intervenants.<\/p>\n<ul>\n<li>D\u00e9sactiver : Le cr\u00e9ateur du projet peut choisir de \u00ab\u00a0d\u00e9sactiver\u00a0\u00bb les droits d&rsquo;un collaborateur temporairement. Cela peut \u00eatre utile pour les stagiaires, les alternants, les cong\u00e9s maternit\u00e9 ou encore les freelances. Ils ne pourront plus acc\u00e9der aux projets sur lesquels ils travaillaient durant la p\u00e9riode de d\u00e9sactivation.<\/li>\n<\/ul>\n<ul>\n<li>Personnaliser : Les droits sont fix\u00e9s par d\u00e9faut en fonction d&rsquo;un r\u00f4le donn\u00e9 (chef de projet, d\u00e9l\u00e9gu\u00e9, traducteur, relecteur). Il est possible de les modifier pour un groupe de personnes (l&rsquo;ensemble des traducteurs par exemple) ou pour un utilisateur en particulier.<\/li>\n<\/ul>\n<p>Bien entendu, il est \u00e9galement possible de retirer une personne d&rsquo;un projet de mani\u00e8re d\u00e9finitive.<\/p>\n<p>&nbsp;<\/p>\n<h3>Plug in Visual Studio et gestion des versions<\/h3>\n<p>Facilitez l\u2019int\u00e9gration de vos projets Visual Studio via le plug in d\u00e9velopp\u00e9 par l\u2019\u00e9quipe KooMEO. Gagnez du temps dans la gestion des langues de l\u2019interface de votre logiciel.<img loading=\"lazy\" decoding=\"async\" class=\"size-medium wp-image-326 alignleft\" src=\"https:\/\/www.koomeo.com\/fr\/wp-content\/uploads\/2017\/07\/Fotolia_107278707_XS-300x200.jpg\" alt=\"concurrent sdl trados wordfast memoq\" width=\"300\" height=\"200\" srcset=\"https:\/\/www.koomeo.com\/fr\/wp-content\/uploads\/2017\/07\/Fotolia_107278707_XS-300x200.jpg 300w, https:\/\/www.koomeo.com\/fr\/wp-content\/uploads\/2017\/07\/Fotolia_107278707_XS-230x154.jpg 230w, https:\/\/www.koomeo.com\/fr\/wp-content\/uploads\/2017\/07\/Fotolia_107278707_XS-350x234.jpg 350w, https:\/\/www.koomeo.com\/fr\/wp-content\/uploads\/2017\/07\/Fotolia_107278707_XS-272x182.jpg 272w, https:\/\/www.koomeo.com\/fr\/wp-content\/uploads\/2017\/07\/Fotolia_107278707_XS.jpg 424w\" sizes=\"(max-width: 300px) 100vw, 300px\" \/><\/p>\n<p>Utilisez le plugin Visual Studio\u00a0 afin de \u00ab parser \u00bb votre code source. L\u2019outil vous permet de cibler les parties de textes \u00e0 traduire dans notre script. Cela vous facilite grandement la t\u00e2che.<\/p>\n<p>L\u2019aspect pratique de cet outil pour des \u00e9diteurs de logiciels est la prise en compte du \u00ab versionning \u00bb.<\/p>\n<p>Les \u00e9volutions d\u2019un logiciel sont constantes. C\u2019est un travail complexe que de r\u00e9pertorier l\u2019ensemble des textes et des traductions pour chacune des versions.<\/p>\n<p>Gr\u00e2ce \u00e0 Koomeo, vous gagnez un temps pr\u00e9cieux et gardez une trace de toutes les versions de votre logiciel.<\/p>\n<p>&nbsp;<\/p>\n<h3>Gestion des documents Word<\/h3>\n<p>Koomeo prend en compte l&rsquo;import et l&rsquo;export de documents Word.<\/p>\n<p>Ent\u00eates, pieds de page, tables des mati\u00e8res&#8230;Koomeo restitue toutes les particularit\u00e9s de votre document original.<\/p>\n<p>&nbsp;<\/p>\n<h3>Gestion des fichiers sous titres<\/h3>\n<p>Koomeo g\u00e8re les fichiers sous-titres (.srt).<\/p>\n<p>Retrouvez vos scripts et traduisez-les directement depuis Koomeo.<\/p>\n<p>&nbsp;<\/p>\n<h3>Gestion des fichiers Power Point<\/h3>\n<p>Vous pouvez travailler sur des projets Power Point depuis la plate-forme Koomeo. Le logiciel int\u00e8gre l&rsquo;import et l&rsquo;export de ce type de projets (avec mise en page sauvegard\u00e9e).<\/p>\n<p>&nbsp;<\/p>\n<h3>Messagerie interne<img loading=\"lazy\" decoding=\"async\" class=\"size-medium wp-image-18 alignright\" src=\"https:\/\/www.koomeo.com\/fr\/wp-content\/uploads\/2016\/10\/keyboard-498396_1920-300x154.jpg\" alt=\"logiciel traduction assist\u00e9e par ordinateur\" width=\"300\" height=\"154\" srcset=\"https:\/\/www.koomeo.com\/fr\/wp-content\/uploads\/2016\/10\/keyboard-498396_1920-300x154.jpg 300w, https:\/\/www.koomeo.com\/fr\/wp-content\/uploads\/2016\/10\/keyboard-498396_1920-768x394.jpg 768w, https:\/\/www.koomeo.com\/fr\/wp-content\/uploads\/2016\/10\/keyboard-498396_1920-1024x525.jpg 1024w, https:\/\/www.koomeo.com\/fr\/wp-content\/uploads\/2016\/10\/keyboard-498396_1920-830x426.jpg 830w, https:\/\/www.koomeo.com\/fr\/wp-content\/uploads\/2016\/10\/keyboard-498396_1920-230x118.jpg 230w, https:\/\/www.koomeo.com\/fr\/wp-content\/uploads\/2016\/10\/keyboard-498396_1920-350x180.jpg 350w, https:\/\/www.koomeo.com\/fr\/wp-content\/uploads\/2016\/10\/keyboard-498396_1920-480x246.jpg 480w, https:\/\/www.koomeo.com\/fr\/wp-content\/uploads\/2016\/10\/keyboard-498396_1920.jpg 1920w\" sizes=\"(max-width: 300px) 100vw, 300px\" \/><\/h3>\n<p>Koomeo int\u00e8gre une messagerie \u00e0 sa plate-forme. Les utilisateurs peuvent communiquer avec les personnes qui travaillent avec eux sur un projet. Ils choisissent d&rsquo;envoyer des messages individuellement ou \u00e0 l&rsquo;ensemble du groupe de travail.<\/p>\n<p>&nbsp;<\/p>\n<h3>Tableau de bord<\/h3>\n<p>Chaque utilisateur de Koomeo a acc\u00e8s \u00e0 un tableau de bord personnalis\u00e9. Il y retrouve, par exemple, le travail qu&rsquo;il lui reste \u00e0 faire, les notes qu&rsquo;il a pu se laisser en guise de rappel, la messagerie interne \u00e0 la plate-forme ou encore des statistiques sur l&rsquo;avancement des projets&#8230;<\/p>\n<p>&nbsp;<\/p>\n<p>&nbsp;<\/p>\n<h2>TAO : Traduction Assist\u00e9e par Ordinateur<\/h2>\n<h3><\/h3>\n<p>&nbsp;<\/p>\n<h3>Gestion des m\u00e9moires de traduction<\/h3>\n<p>Koomeo prend en compte vos m\u00e9moires de traduction.<\/p>\n<ul>\n<li>Vous pouvez en importer en format .tmx et .txt<\/li>\n<li>Vous pouvez en associer \u00e0 un projet en particulier<\/li>\n<li>Vous pouvez en lier une \u00e0 votre profil<\/li>\n<li>Vous pouvez en cr\u00e9er une \u00e0 partir de Koomeo sans fichier initial<\/li>\n<li>Vous pouvez en exporter en format .tmx et .txt.<\/li>\n<\/ul>\n<p>Les m\u00e9moires de traduction li\u00e9es au projet sont mises \u00e0 jour au moment de l&rsquo;export du document sur lequel vous travaillez.<\/p>\n<p>Les m\u00e9moires de traduction associ\u00e9es \u00e0 votre profil sont mises \u00e0 jour automatiquement, au fur et \u00e0 mesure de votre travail.<\/p>\n<p>Elles sont \u00e9galement r\u00e9-appliqu\u00e9es automatiquement au fur et \u00e0 mesure de votre travail sur le document.<\/p>\n<p>&nbsp;<\/p>\n<h3>Recherche de concordances<\/h3>\n<p>Lorsque vous souhaitez voir comment vous avez pu traduire une phrase, un groupe de mots ou un mot pr\u00e9c\u00e9demment, vous pouvez faire appel \u00e0 cette fonction.<\/p>\n<p>Cela vous permet de faire une comparaison rapide afin de choisir la solution la plus pertinente pour le segment \u00e0 traduire.<\/p>\n<p>Gardez une coh\u00e9rence dans votre style d&rsquo;\u00e9criture.<\/p>\n<p>&nbsp;<\/p>\n<h3>Rechercher\/Remplacer<\/h3>\n<p>Koomeo a mis en place une fonction de recherche qui vous permet de trouver un mot ou un groupe de mots sur un conteneur en particulier, l&rsquo;ensemble d&rsquo;un projet ou dans la totalit\u00e9 de vos documents.<\/p>\n<p>Il vous sera possible d&rsquo;effectuer un remplacement automatique ou non de ce mot par un autre.<\/p>\n<p>&nbsp;<\/p>\n<h3>Correction orthographique<img loading=\"lazy\" decoding=\"async\" class=\"size-medium wp-image-92 alignleft\" src=\"https:\/\/www.koomeo.com\/fr\/wp-content\/uploads\/2016\/10\/basic-1295841_1280-283x300.png\" alt=\"concurrent sdl trados wordfast memoq\" width=\"283\" height=\"300\" srcset=\"https:\/\/www.koomeo.com\/fr\/wp-content\/uploads\/2016\/10\/basic-1295841_1280-283x300.png 283w, https:\/\/www.koomeo.com\/fr\/wp-content\/uploads\/2016\/10\/basic-1295841_1280-768x814.png 768w, https:\/\/www.koomeo.com\/fr\/wp-content\/uploads\/2016\/10\/basic-1295841_1280-966x1024.png 966w, https:\/\/www.koomeo.com\/fr\/wp-content\/uploads\/2016\/10\/basic-1295841_1280-830x880.png 830w, https:\/\/www.koomeo.com\/fr\/wp-content\/uploads\/2016\/10\/basic-1295841_1280-230x244.png 230w, https:\/\/www.koomeo.com\/fr\/wp-content\/uploads\/2016\/10\/basic-1295841_1280-350x371.png 350w, https:\/\/www.koomeo.com\/fr\/wp-content\/uploads\/2016\/10\/basic-1295841_1280-480x509.png 480w, https:\/\/www.koomeo.com\/fr\/wp-content\/uploads\/2016\/10\/basic-1295841_1280.png 1207w\" sizes=\"(max-width: 283px) 100vw, 283px\" \/><\/h3>\n<p>L&rsquo;\u00e9diteur de textes de Koomeo int\u00e8gre un correcteur orthographique.<\/p>\n<p>Cette fonction est disponible pour 11 langues dont le fran\u00e7ais, l&rsquo;espagnol, l&rsquo;allemand ou m\u00eame le su\u00e9dois.<\/p>\n<p>&nbsp;<\/p>\n<h3>Traduction automatique<\/h3>\n<p>Koomeo int\u00e8gre une fonctionnalit\u00e9 de traduction automatique. Le logiciel fait appel \u00e0 plusieurs applications pour proposer ce service.<\/p>\n<p>Nous ne garantissons pas la qualit\u00e9 des traductions sugg\u00e9r\u00e9es.<\/p>\n<p>&nbsp;<\/p>\n<h3>Prise en compte des lexiques<\/h3>\n<p>Koomeo vous permet de cr\u00e9er et d&rsquo;importer des lexiques.<\/p>\n<p>Ces dictionnaires sp\u00e9cialis\u00e9s et succincts concernent un domaine particulier de la connaissance.<\/p>\n<p>Leur application vous permet de retrouver les segments dans lesquels un mot du lexique est pr\u00e9sent.<\/p>\n<p>&nbsp;<\/p>\n<p>&nbsp;<\/p>\n<h2>Libert\u00e9<\/h2>\n<p>&nbsp;<\/p>\n<h3>Mobilit\u00e9<img loading=\"lazy\" decoding=\"async\" class=\"size-medium wp-image-497 alignright\" src=\"https:\/\/www.koomeo.com\/fr\/wp-content\/uploads\/2017\/08\/avi-richards-183715-300x225.jpg\" alt=\"traducteur t9n xl8 traduction logiciel\" width=\"300\" height=\"225\" srcset=\"https:\/\/www.koomeo.com\/fr\/wp-content\/uploads\/2017\/08\/avi-richards-183715-300x225.jpg 300w, https:\/\/www.koomeo.com\/fr\/wp-content\/uploads\/2017\/08\/avi-richards-183715-768x576.jpg 768w, https:\/\/www.koomeo.com\/fr\/wp-content\/uploads\/2017\/08\/avi-richards-183715-1024x768.jpg 1024w, https:\/\/www.koomeo.com\/fr\/wp-content\/uploads\/2017\/08\/avi-richards-183715-830x623.jpg 830w, https:\/\/www.koomeo.com\/fr\/wp-content\/uploads\/2017\/08\/avi-richards-183715-230x173.jpg 230w, https:\/\/www.koomeo.com\/fr\/wp-content\/uploads\/2017\/08\/avi-richards-183715-350x263.jpg 350w, https:\/\/www.koomeo.com\/fr\/wp-content\/uploads\/2017\/08\/avi-richards-183715-480x360.jpg 480w\" sizes=\"(max-width: 300px) 100vw, 300px\" \/><\/h3>\n<p>Koomeo vous offre une grande libert\u00e9. La plate-forme est accessible en ligne \u00e0 tout moment et depuis n&rsquo;importe quel ordinateur. Que vous soyez en d\u00e9placements \u00e0 l&rsquo;\u00e9tranger, que vous exerciez directement depuis les bureaux de votre clients ou encore que vous travailliez depuis chez vous, vous retrouvez vos documents originaux et vos traductions sur votre workshop.<\/p>\n<p>&nbsp;<\/p>\n<h3>Sauvegarde<\/h3>\n<p>Toutes les offres Koomeo comprennent de la sauvegarde. Vos projets et leurs traductions peuvent \u00eatre stock\u00e9s sur votre plate-forme. Plus d&rsquo;oubli de cl\u00e9s USB ou de documents papier disparus. Gardez l&rsquo;esprit tranquille avec Koomeo.<\/p>\n<p>&nbsp;<\/p>\n<h3>Abonnement mensuel \u00e9volutif<\/h3>\n<p>Pour profiter de Koomeo, il suffit de vous abonner. Vous choisissez la formule qui convient le mieux \u00e0 vos besoins et pouvez \u00e0 tout moment stopper votre abonnement ou changer d&rsquo;offres si votre activit\u00e9 \u00e9volue.<\/p>\n<p>&nbsp;<\/p>\n<p>&nbsp;<\/p>\n<h2>Personnalisation<\/h2>\n<p>&nbsp;<\/p>\n<h3>URL personnalis\u00e9e<\/h3>\n<p>Vous pouvez acc\u00e9der \u00e0 votre workshop via une adresse personnalis\u00e9e.<\/p>\n<p>Toutes les entit\u00e9s int\u00e9ress\u00e9es par cette option pourront mettre la plate-forme \u00e0 leur nom.<\/p>\n<p>&nbsp;<\/p>\n<h3>Post-it \/ Notes<\/h3>\n<p>Vous pouvez laisser des notes sur votre plate-forme en guise de rappels.<\/p>\n<p>Les post-it sont r\u00e9unis et accessibles depuis votre tableau de bord.<\/p>\n<p>&nbsp;<\/p>\n<h3>Dossiers de rangement<img loading=\"lazy\" decoding=\"async\" class=\"size-medium wp-image-498 alignright\" src=\"https:\/\/www.koomeo.com\/fr\/wp-content\/uploads\/2017\/08\/rawpixel-com-252127-300x200.jpg\" alt=\"logiciel tao gratuit \u00e9tudiant\" width=\"300\" height=\"200\" srcset=\"https:\/\/www.koomeo.com\/fr\/wp-content\/uploads\/2017\/08\/rawpixel-com-252127-300x200.jpg 300w, https:\/\/www.koomeo.com\/fr\/wp-content\/uploads\/2017\/08\/rawpixel-com-252127-768x513.jpg 768w, https:\/\/www.koomeo.com\/fr\/wp-content\/uploads\/2017\/08\/rawpixel-com-252127-1024x683.jpg 1024w, https:\/\/www.koomeo.com\/fr\/wp-content\/uploads\/2017\/08\/rawpixel-com-252127-830x554.jpg 830w, https:\/\/www.koomeo.com\/fr\/wp-content\/uploads\/2017\/08\/rawpixel-com-252127-230x153.jpg 230w, https:\/\/www.koomeo.com\/fr\/wp-content\/uploads\/2017\/08\/rawpixel-com-252127-350x234.jpg 350w, https:\/\/www.koomeo.com\/fr\/wp-content\/uploads\/2017\/08\/rawpixel-com-252127-480x320.jpg 480w, https:\/\/www.koomeo.com\/fr\/wp-content\/uploads\/2017\/08\/rawpixel-com-252127-272x182.jpg 272w\" sizes=\"(max-width: 300px) 100vw, 300px\" \/><\/h3>\n<p>Depuis votre tableau de bord, vous pouvez organiser vos projets \u00e0 l&rsquo;aide de dossiers.<\/p>\n<p>Rangez et classez vos projets par clients, th\u00e9matiques&#8230;<\/p>\n<p>&nbsp;<\/p>\n<h3>Sauvegarde des pr\u00e9f\u00e9rences utilisateurs<\/h3>\n<p>Koomeo se souvient de vos choix en mati\u00e8re d&rsquo;affichage, de recherche&#8230;accessibles depuis votre tableau.<\/p>\n<p>&nbsp;<\/p>\n<h3>Dossiers de rangement<\/h3>\n<p>Depuis votre tableau de bord, vous pouvez organiser vos projets \u00e0 l&rsquo;aide de dossiers.<\/p>\n<p>Rangez et classez vos projets par clients, th\u00e9matiques&#8230;<\/p>\n<p>&nbsp;<\/p>\n<h3>Sauvegarde des pr\u00e9f\u00e9rences utilisateurs<\/h3>\n<p>Koomeo se souvient de vos choix en mati\u00e8re d&rsquo;affichage, de recherche&#8230;<\/p>\n","protected":false},"excerpt":{"rendered":"<p>Gestion de projets &nbsp; Gestion des collaborateurs Koomeo met en avant la collaboration et la gestion de projets. De ce fait, la [&hellip;]<\/p>\n","protected":false},"author":1,"featured_media":0,"parent":0,"menu_order":0,"comment_status":"closed","ping_status":"closed","template":"page-templates\/page_fullwidth.php","meta":{"footnotes":""},"class_list":["post-461","page","type-page","status-publish","hentry"],"yoast_head":"<!-- This site is optimized with the Yoast SEO plugin v23.8 - https:\/\/yoast.com\/wordpress\/plugins\/seo\/ -->\r\n<title>Fonctionnalit\u00e9s - Koomeo<\/title>\r\n<meta name=\"robots\" content=\"index, follow, max-snippet:-1, max-image-preview:large, max-video-preview:-1\" \/>\r\n<link rel=\"canonical\" href=\"https:\/\/www.koomeo.com\/fr\/fonctionnalites\/\" \/>\r\n<meta property=\"og:locale\" content=\"fr_FR\" \/>\r\n<meta property=\"og:type\" content=\"article\" \/>\r\n<meta property=\"og:title\" content=\"Fonctionnalit\u00e9s - Koomeo\" \/>\r\n<meta property=\"og:description\" content=\"Gestion de projets &nbsp; Gestion des collaborateurs Koomeo met en avant la collaboration et la gestion de projets. De ce fait, la [&hellip;]\" \/>\r\n<meta property=\"og:url\" content=\"https:\/\/www.koomeo.com\/fr\/fonctionnalites\/\" \/>\r\n<meta property=\"og:site_name\" content=\"Koomeo\" \/>\r\n<meta property=\"article:modified_time\" content=\"2018-01-12T13:41:36+00:00\" \/>\r\n<meta property=\"og:image\" content=\"https:\/\/www.koomeo.com\/fr\/wp-content\/uploads\/2017\/08\/business-man-2356422_1280-300x300.png\" \/>\r\n<meta name=\"twitter:card\" content=\"summary_large_image\" \/>\r\n<meta name=\"twitter:label1\" content=\"Dur\u00e9e de lecture estim\u00e9e\" \/>\n\t<meta name=\"twitter:data1\" content=\"6 minutes\" \/>\r\n<script type=\"application\/ld+json\" class=\"yoast-schema-graph\">{\"@context\":\"https:\/\/schema.org\",\"@graph\":[{\"@type\":\"WebPage\",\"@id\":\"https:\/\/www.koomeo.com\/fr\/fonctionnalites\/\",\"url\":\"https:\/\/www.koomeo.com\/fr\/fonctionnalites\/\",\"name\":\"Fonctionnalit\u00e9s - Koomeo\",\"isPartOf\":{\"@id\":\"https:\/\/www.koomeo.com\/fr\/#website\"},\"primaryImageOfPage\":{\"@id\":\"https:\/\/www.koomeo.com\/fr\/fonctionnalites\/#primaryimage\"},\"image\":{\"@id\":\"https:\/\/www.koomeo.com\/fr\/fonctionnalites\/#primaryimage\"},\"thumbnailUrl\":\"https:\/\/www.koomeo.com\/fr\/wp-content\/uploads\/2017\/08\/business-man-2356422_1280-300x300.png\",\"datePublished\":\"2018-01-02T13:41:10+00:00\",\"dateModified\":\"2018-01-12T13:41:36+00:00\",\"breadcrumb\":{\"@id\":\"https:\/\/www.koomeo.com\/fr\/fonctionnalites\/#breadcrumb\"},\"inLanguage\":\"fr-FR\",\"potentialAction\":[{\"@type\":\"ReadAction\",\"target\":[\"https:\/\/www.koomeo.com\/fr\/fonctionnalites\/\"]}]},{\"@type\":\"ImageObject\",\"inLanguage\":\"fr-FR\",\"@id\":\"https:\/\/www.koomeo.com\/fr\/fonctionnalites\/#primaryimage\",\"url\":\"https:\/\/www.koomeo.com\/fr\/wp-content\/uploads\/2017\/08\/business-man-2356422_1280.png\",\"contentUrl\":\"https:\/\/www.koomeo.com\/fr\/wp-content\/uploads\/2017\/08\/business-man-2356422_1280.png\",\"width\":1280,\"height\":1280,\"caption\":\"traduction collaborative multilingues\"},{\"@type\":\"BreadcrumbList\",\"@id\":\"https:\/\/www.koomeo.com\/fr\/fonctionnalites\/#breadcrumb\",\"itemListElement\":[{\"@type\":\"ListItem\",\"position\":1,\"name\":\"Accueil\",\"item\":\"https:\/\/www.koomeo.com\/fr\/\"},{\"@type\":\"ListItem\",\"position\":2,\"name\":\"Fonctionnalit\u00e9s\"}]},{\"@type\":\"WebSite\",\"@id\":\"https:\/\/www.koomeo.com\/fr\/#website\",\"url\":\"https:\/\/www.koomeo.com\/fr\/\",\"name\":\"Koomeo\",\"description\":\"Le langage n&#039;est plus une barri\u00e8re\",\"publisher\":{\"@id\":\"https:\/\/www.koomeo.com\/fr\/#organization\"},\"potentialAction\":[{\"@type\":\"SearchAction\",\"target\":{\"@type\":\"EntryPoint\",\"urlTemplate\":\"https:\/\/www.koomeo.com\/fr\/?s={search_term_string}\"},\"query-input\":{\"@type\":\"PropertyValueSpecification\",\"valueRequired\":true,\"valueName\":\"search_term_string\"}}],\"inLanguage\":\"fr-FR\"},{\"@type\":\"Organization\",\"@id\":\"https:\/\/www.koomeo.com\/fr\/#organization\",\"name\":\"Koomeo\",\"url\":\"https:\/\/www.koomeo.com\/fr\/\",\"logo\":{\"@type\":\"ImageObject\",\"inLanguage\":\"fr-FR\",\"@id\":\"https:\/\/www.koomeo.com\/fr\/#\/schema\/logo\/image\/\",\"url\":\"https:\/\/www.koomeo.com\/fr\/wp-content\/uploads\/2016\/10\/Koomeo-noir-e1476887045876.png\",\"contentUrl\":\"https:\/\/www.koomeo.com\/fr\/wp-content\/uploads\/2016\/10\/Koomeo-noir-e1476887045876.png\",\"width\":1024,\"height\":768,\"caption\":\"Koomeo\"},\"image\":{\"@id\":\"https:\/\/www.koomeo.com\/fr\/#\/schema\/logo\/image\/\"}}]}<\/script>\r\n<!-- \/ Yoast SEO plugin. -->","yoast_head_json":{"title":"Fonctionnalit\u00e9s - Koomeo","robots":{"index":"index","follow":"follow","max-snippet":"max-snippet:-1","max-image-preview":"max-image-preview:large","max-video-preview":"max-video-preview:-1"},"canonical":"https:\/\/www.koomeo.com\/fr\/fonctionnalites\/","og_locale":"fr_FR","og_type":"article","og_title":"Fonctionnalit\u00e9s - Koomeo","og_description":"Gestion de projets &nbsp; Gestion des collaborateurs Koomeo met en avant la collaboration et la gestion de projets. De ce fait, la [&hellip;]","og_url":"https:\/\/www.koomeo.com\/fr\/fonctionnalites\/","og_site_name":"Koomeo","article_modified_time":"2018-01-12T13:41:36+00:00","og_image":[{"url":"https:\/\/www.koomeo.com\/fr\/wp-content\/uploads\/2017\/08\/business-man-2356422_1280-300x300.png"}],"twitter_card":"summary_large_image","twitter_misc":{"Dur\u00e9e de lecture estim\u00e9e":"6 minutes"},"schema":{"@context":"https:\/\/schema.org","@graph":[{"@type":"WebPage","@id":"https:\/\/www.koomeo.com\/fr\/fonctionnalites\/","url":"https:\/\/www.koomeo.com\/fr\/fonctionnalites\/","name":"Fonctionnalit\u00e9s - Koomeo","isPartOf":{"@id":"https:\/\/www.koomeo.com\/fr\/#website"},"primaryImageOfPage":{"@id":"https:\/\/www.koomeo.com\/fr\/fonctionnalites\/#primaryimage"},"image":{"@id":"https:\/\/www.koomeo.com\/fr\/fonctionnalites\/#primaryimage"},"thumbnailUrl":"https:\/\/www.koomeo.com\/fr\/wp-content\/uploads\/2017\/08\/business-man-2356422_1280-300x300.png","datePublished":"2018-01-02T13:41:10+00:00","dateModified":"2018-01-12T13:41:36+00:00","breadcrumb":{"@id":"https:\/\/www.koomeo.com\/fr\/fonctionnalites\/#breadcrumb"},"inLanguage":"fr-FR","potentialAction":[{"@type":"ReadAction","target":["https:\/\/www.koomeo.com\/fr\/fonctionnalites\/"]}]},{"@type":"ImageObject","inLanguage":"fr-FR","@id":"https:\/\/www.koomeo.com\/fr\/fonctionnalites\/#primaryimage","url":"https:\/\/www.koomeo.com\/fr\/wp-content\/uploads\/2017\/08\/business-man-2356422_1280.png","contentUrl":"https:\/\/www.koomeo.com\/fr\/wp-content\/uploads\/2017\/08\/business-man-2356422_1280.png","width":1280,"height":1280,"caption":"traduction collaborative multilingues"},{"@type":"BreadcrumbList","@id":"https:\/\/www.koomeo.com\/fr\/fonctionnalites\/#breadcrumb","itemListElement":[{"@type":"ListItem","position":1,"name":"Accueil","item":"https:\/\/www.koomeo.com\/fr\/"},{"@type":"ListItem","position":2,"name":"Fonctionnalit\u00e9s"}]},{"@type":"WebSite","@id":"https:\/\/www.koomeo.com\/fr\/#website","url":"https:\/\/www.koomeo.com\/fr\/","name":"Koomeo","description":"Le langage n&#039;est plus une barri\u00e8re","publisher":{"@id":"https:\/\/www.koomeo.com\/fr\/#organization"},"potentialAction":[{"@type":"SearchAction","target":{"@type":"EntryPoint","urlTemplate":"https:\/\/www.koomeo.com\/fr\/?s={search_term_string}"},"query-input":{"@type":"PropertyValueSpecification","valueRequired":true,"valueName":"search_term_string"}}],"inLanguage":"fr-FR"},{"@type":"Organization","@id":"https:\/\/www.koomeo.com\/fr\/#organization","name":"Koomeo","url":"https:\/\/www.koomeo.com\/fr\/","logo":{"@type":"ImageObject","inLanguage":"fr-FR","@id":"https:\/\/www.koomeo.com\/fr\/#\/schema\/logo\/image\/","url":"https:\/\/www.koomeo.com\/fr\/wp-content\/uploads\/2016\/10\/Koomeo-noir-e1476887045876.png","contentUrl":"https:\/\/www.koomeo.com\/fr\/wp-content\/uploads\/2016\/10\/Koomeo-noir-e1476887045876.png","width":1024,"height":768,"caption":"Koomeo"},"image":{"@id":"https:\/\/www.koomeo.com\/fr\/#\/schema\/logo\/image\/"}}]}},"_links":{"self":[{"href":"https:\/\/www.koomeo.com\/fr\/wp-json\/wp\/v2\/pages\/461"}],"collection":[{"href":"https:\/\/www.koomeo.com\/fr\/wp-json\/wp\/v2\/pages"}],"about":[{"href":"https:\/\/www.koomeo.com\/fr\/wp-json\/wp\/v2\/types\/page"}],"author":[{"embeddable":true,"href":"https:\/\/www.koomeo.com\/fr\/wp-json\/wp\/v2\/users\/1"}],"replies":[{"embeddable":true,"href":"https:\/\/www.koomeo.com\/fr\/wp-json\/wp\/v2\/comments?post=461"}],"version-history":[{"count":18,"href":"https:\/\/www.koomeo.com\/fr\/wp-json\/wp\/v2\/pages\/461\/revisions"}],"predecessor-version":[{"id":499,"href":"https:\/\/www.koomeo.com\/fr\/wp-json\/wp\/v2\/pages\/461\/revisions\/499"}],"wp:attachment":[{"href":"https:\/\/www.koomeo.com\/fr\/wp-json\/wp\/v2\/media?parent=461"}],"curies":[{"name":"wp","href":"https:\/\/api.w.org\/{rel}","templated":true}]}}