{"id":87,"date":"2018-01-19T11:46:29","date_gmt":"2018-01-19T10:46:29","guid":{"rendered":"https:\/\/www.koomeo.com\/fr\/?page_id=87"},"modified":"2021-06-02T10:04:15","modified_gmt":"2021-06-02T08:04:15","slug":"formulaire-de-contact-demo","status":"publish","type":"page","link":"https:\/\/www.koomeo.com\/fr\/formulaire-de-contact-demo\/","title":{"rendered":"Formulaire de contact  pour une d\u00e9mo ou sur les tarifs"},"content":{"rendered":"<div id=\"pl-87\"  class=\"panel-layout\" ><div id=\"pg-87-0\"  class=\"panel-grid panel-has-style\" ><div style=\"text-align: center;padding: 15px 0; \" data-overlay=\"true\" class=\"panel-row-style panel-row-style-for-87-0\" ><div id=\"pgc-87-0-0\"  class=\"panel-grid-cell\" ><div id=\"panel-87-0-0-0\" class=\"so-panel widget widget_sow-editor panel-first-child panel-last-child\" data-index=\"0\" ><div style=\"text-align: left;\" data-title-color=\"#443f3f\" data-headings-color=\"#443f3f\" class=\"panel-widget-style panel-widget-style-for-87-0-0-0\" ><div\n\t\t\t\n\t\t\tclass=\"so-widget-sow-editor so-widget-sow-editor-base\"\n\t\t\t\n\t\t>\n<div class=\"siteorigin-widget-tinymce textwidget\">\n\t<p>Testez gratuitement Koomeo pendant 1 mois ! Disposez de votre plate-forme \u00e0 partir de 45 euros par mois. N'h\u00e9sitez pas \u00e0 remplir ce formulaire afin que notre \u00e9quipe puisse vous recontacter rapidement.<\/p>\n<p style=\"text-align: left;\">\n<div class=\"wpcf7 no-js\" id=\"wpcf7-f86-o1\" lang=\"fr-FR\" dir=\"ltr\" data-wpcf7-id=\"86\">\n<div class=\"screen-reader-response\"><p role=\"status\" aria-live=\"polite\" aria-atomic=\"true\"><\/p> <ul><\/ul><\/div>\n<form action=\"\/fr\/wp-json\/wp\/v2\/pages\/87#wpcf7-f86-o1\" method=\"post\" class=\"wpcf7-form init\" aria-label=\"Formulaire de contact\" novalidate=\"novalidate\" data-status=\"init\">\n<div style=\"display: none;\">\n<input type=\"hidden\" name=\"_wpcf7\" value=\"86\" \/>\n<input type=\"hidden\" name=\"_wpcf7_version\" value=\"6.0\" \/>\n<input type=\"hidden\" name=\"_wpcf7_locale\" value=\"fr_FR\" \/>\n<input type=\"hidden\" name=\"_wpcf7_unit_tag\" value=\"wpcf7-f86-o1\" \/>\n<input type=\"hidden\" name=\"_wpcf7_container_post\" value=\"0\" \/>\n<input type=\"hidden\" name=\"_wpcf7_posted_data_hash\" value=\"\" \/>\n<\/div>\n<p><label> Votre nom (obligatoire)<br \/>\n<span class=\"wpcf7-form-control-wrap\" data-name=\"your-name\"><input size=\"40\" maxlength=\"400\" class=\"wpcf7-form-control wpcf7-text wpcf7-validates-as-required\" aria-required=\"true\" aria-invalid=\"false\" value=\"\" type=\"text\" name=\"your-name\" \/><\/span> <\/label>\n<\/p>\n<p>Celui de votre entreprise (obligatoire)<br \/>\n<span class=\"wpcf7-form-control-wrap\" data-name=\"entreprise\"><input size=\"40\" maxlength=\"400\" class=\"wpcf7-form-control wpcf7-text wpcf7-validates-as-required\" aria-required=\"true\" aria-invalid=\"false\" value=\"\" type=\"text\" name=\"entreprise\" \/><\/span>\n<\/p>\n<p>Votre poste dans l'entreprise (obligatoire)<br \/>\n<span class=\"wpcf7-form-control-wrap\" data-name=\"poste-entreprise\"><input size=\"40\" maxlength=\"400\" class=\"wpcf7-form-control wpcf7-text wpcf7-validates-as-required\" aria-required=\"true\" aria-invalid=\"false\" value=\"\" type=\"text\" name=\"poste-entreprise\" \/><\/span>\n<\/p>\n<p>Le num\u00e9ro de t\u00e9l\u00e9phone auquel nous pouvons vous joindre (obligatoire)<br \/>\n<span class=\"wpcf7-form-control-wrap\" data-name=\"tel\"><input size=\"40\" maxlength=\"400\" class=\"wpcf7-form-control wpcf7-tel wpcf7-validates-as-required wpcf7-text wpcf7-validates-as-tel\" aria-required=\"true\" aria-invalid=\"false\" value=\"\" type=\"tel\" name=\"tel\" \/><\/span>\n<\/p>\n<p>Le code postal du si\u00e8ge de votre entreprise (obligatoire)<br \/>\n<span class=\"wpcf7-form-control-wrap\" data-name=\"number-456\"><input class=\"wpcf7-form-control wpcf7-number wpcf7-validates-as-required wpcf7-validates-as-number\" aria-required=\"true\" aria-invalid=\"false\" value=\"\" type=\"number\" name=\"number-456\" \/><\/span>\n<\/p>\n<p>L'activit\u00e9 de votre entreprise (obligatoire)<br \/>\n<span class=\"wpcf7-form-control-wrap\" data-name=\"activite-entreprise\"><input size=\"40\" maxlength=\"400\" class=\"wpcf7-form-control wpcf7-text wpcf7-validates-as-required\" aria-required=\"true\" aria-invalid=\"false\" value=\"\" type=\"text\" name=\"activite-entreprise\" \/><\/span>\n<\/p>\n<p>Votre e-mail (obligatoire)<br \/>\n<span class=\"wpcf7-form-control-wrap\" data-name=\"your-email\"><input size=\"40\" maxlength=\"400\" class=\"wpcf7-form-control wpcf7-email wpcf7-validates-as-required wpcf7-text wpcf7-validates-as-email\" aria-required=\"true\" aria-invalid=\"false\" value=\"\" type=\"email\" name=\"your-email\" \/><\/span>\n<\/p>\n<p>Je souhaite :<br \/>\n<span class=\"wpcf7-form-control-wrap\" data-name=\"demo-prix\"><span class=\"wpcf7-form-control wpcf7-checkbox\"><span class=\"wpcf7-list-item first\"><label><input type=\"checkbox\" name=\"demo-prix[]\" value=\"Je veux \u00eatre contact\u00e9(e) pour une d\u00e9mo\" \/><span class=\"wpcf7-list-item-label\">Je veux \u00eatre contact\u00e9(e) pour une d\u00e9mo<\/span><\/label><\/span><span class=\"wpcf7-list-item last\"><label><input type=\"checkbox\" name=\"demo-prix[]\" value=\"Je souhaite plus d&#039;informations sur la tarification\" \/><span class=\"wpcf7-list-item-label\">Je souhaite plus d&#039;informations sur la tarification<\/span><\/label><\/span><\/span><\/span>\n<\/p>\n<p><input class=\"wpcf7-form-control wpcf7-submit has-spinner\" type=\"submit\" value=\"Envoyer\" \/>\n<\/p><div class=\"wpcf7-response-output\" aria-hidden=\"true\"><\/div>\n<\/form>\n<\/div>\n<\/p>\n<\/div>\n<\/div><\/div><\/div><\/div><div id=\"pgc-87-0-1\"  class=\"panel-grid-cell\" ><div id=\"panel-87-0-1-0\" class=\"so-panel widget widget_sow-image panel-first-child panel-last-child\" data-index=\"1\" ><div style=\"text-align: left;\" data-title-color=\"#443f3f\" data-headings-color=\"#443f3f\" class=\"panel-widget-style panel-widget-style-for-87-0-1-0\" ><div\n\t\t\t\n\t\t\tclass=\"so-widget-sow-image so-widget-sow-image-default-8b5b6f678277-87\"\n\t\t\t\n\t\t>\n\n<div class=\"sow-image-container\">\n\t\t<img loading=\"lazy\" decoding=\"async\" src=\"https:\/\/www.koomeo.com\/fr\/wp-content\/uploads\/2016\/10\/web-design-1076204_1280.png\" width=\"1048\" height=\"1280\" srcset=\"https:\/\/www.koomeo.com\/fr\/wp-content\/uploads\/2016\/10\/web-design-1076204_1280.png 1048w, https:\/\/www.koomeo.com\/fr\/wp-content\/uploads\/2016\/10\/web-design-1076204_1280-246x300.png 246w, https:\/\/www.koomeo.com\/fr\/wp-content\/uploads\/2016\/10\/web-design-1076204_1280-768x938.png 768w, https:\/\/www.koomeo.com\/fr\/wp-content\/uploads\/2016\/10\/web-design-1076204_1280-838x1024.png 838w, https:\/\/www.koomeo.com\/fr\/wp-content\/uploads\/2016\/10\/web-design-1076204_1280-830x1014.png 830w, https:\/\/www.koomeo.com\/fr\/wp-content\/uploads\/2016\/10\/web-design-1076204_1280-230x281.png 230w, https:\/\/www.koomeo.com\/fr\/wp-content\/uploads\/2016\/10\/web-design-1076204_1280-350x427.png 350w, https:\/\/www.koomeo.com\/fr\/wp-content\/uploads\/2016\/10\/web-design-1076204_1280-480x586.png 480w\" sizes=\"(max-width: 1048px) 100vw, 1048px\" title=\"demandez une d\u00e9mo du logiciel de traduction\" alt=\"outil traduction assist\u00e9e ordinateur\" \t\tclass=\"so-widget-image\"\/>\n\t<\/div>\n\n<\/div><\/div><\/div><\/div><\/div><\/div><div id=\"pg-87-1\"  class=\"panel-grid panel-has-style\" ><div style=\"padding: 100px 0; \" data-overlay=\"true\" data-overlay-color=\"#000000\" class=\"panel-row-style panel-row-style-for-87-1\" ><div id=\"pgc-87-1-0\"  class=\"panel-grid-cell\" ><div id=\"panel-87-1-0-0\" class=\"so-panel widget widget_sow-editor panel-first-child panel-last-child\" data-index=\"2\" ><div style=\"text-align: left;\" data-title-color=\"#443f3f\" data-headings-color=\"#443f3f\" class=\"panel-widget-style panel-widget-style-for-87-1-0-0\" ><div\n\t\t\t\n\t\t\tclass=\"so-widget-sow-editor so-widget-sow-editor-base\"\n\t\t\t\n\t\t>\n<div class=\"siteorigin-widget-tinymce textwidget\">\n\t<p>Pour votre information, nous mettons tous les moyens en oeuvre pour s\u00e9curiser vos donn\u00e9es personnelles et elles ne seront en aucun cas transmises \u00e0 des tiers, partenaires ou autres. Conform\u00e9ment \u00e0 la loi \u00ab informatique et libert\u00e9s \u00bb en vigueur jusqu\u2019au 24 Mai 2018 et, apr\u00e8s cette date, au R\u00e8glement G\u00e9n\u00e9ral sur la Protection des Donn\u00e9es (RGPD), vous pouvez exercer votre droit d\u2019acc\u00e8s aux donn\u00e9es vous concernant, les faire rectifier, les faire effacer, limiter leur traitement, s\u2019opposer \u00e0 leur traitement et les faire porter gratuitement ou retirer votre consentement \u00e0 tout moment en contactant le d\u00e9l\u00e9gu\u00e9 \u00e0 la protection des donn\u00e9es de <a href=\"http:\/\/www.sdi.fr\">SDI ROCA<\/a>.<br \/>Vous avez aussi la possibilit\u00e9 de d\u00e9poser toutes r\u00e9clamations que vous jugerez n\u00e9cessaire concernant le formulaire de collecte \u00e0 l\u2019autorit\u00e9 de contr\u00f4le comp\u00e9tente qui est la <a href=\"http:\/\/www.cnil.fr\">CNIL<\/a> en France.<br \/>Les informations recueillies \u00e0 travers le formulaire de demande de contact ne feront l\u2019objet d\u2019aucune prise de d\u00e9cision automatis\u00e9e et ne serviront, dans l\u2019avenir, \u00e0 aucun autre traitement.<\/p>\n<\/div>\n<\/div><\/div><\/div><\/div><\/div><\/div><\/div>","protected":false},"excerpt":{"rendered":"<p>Testez gratuitement Koomeo pendant 1 mois ! Disposez de votre plate-forme \u00e0 partir de 45 euros par mois. N&rsquo;h\u00e9sitez pas \u00e0 remplir [&hellip;]<\/p>\n","protected":false},"author":1,"featured_media":0,"parent":0,"menu_order":0,"comment_status":"closed","ping_status":"closed","template":"page-templates\/page_fullwidth.php","meta":{"footnotes":""},"class_list":["post-87","page","type-page","status-publish","hentry"],"yoast_head":"<!-- This site is optimized with the Yoast SEO plugin v23.8 - https:\/\/yoast.com\/wordpress\/plugins\/seo\/ -->\r\n<title>Formulaire de contact<\/title>\r\n<meta name=\"description\" content=\"N&#039;h\u00e9sitez pas \u00e0 remplir ce formulaire de contact pour plus d&#039;informations sur les tarifs ou pour demander une d\u00e9monstration.\" \/>\r\n<meta name=\"robots\" content=\"index, follow, max-snippet:-1, max-image-preview:large, max-video-preview:-1\" \/>\r\n<link rel=\"canonical\" href=\"https:\/\/www.koomeo.com\/fr\/formulaire-de-contact-demo\/\" \/>\r\n<meta property=\"og:locale\" content=\"fr_FR\" \/>\r\n<meta property=\"og:type\" content=\"article\" \/>\r\n<meta property=\"og:title\" content=\"Formulaire de contact\" \/>\r\n<meta property=\"og:description\" content=\"N&#039;h\u00e9sitez pas \u00e0 remplir ce formulaire de contact pour plus d&#039;informations sur les tarifs ou pour demander une d\u00e9monstration.\" \/>\r\n<meta property=\"og:url\" content=\"https:\/\/www.koomeo.com\/fr\/formulaire-de-contact-demo\/\" \/>\r\n<meta property=\"og:site_name\" content=\"Koomeo\" \/>\r\n<meta property=\"article:modified_time\" content=\"2021-06-02T08:04:15+00:00\" \/>\r\n<meta name=\"twitter:card\" content=\"summary_large_image\" \/>\r\n<script type=\"application\/ld+json\" class=\"yoast-schema-graph\">{\"@context\":\"https:\/\/schema.org\",\"@graph\":[{\"@type\":\"WebPage\",\"@id\":\"https:\/\/www.koomeo.com\/fr\/formulaire-de-contact-demo\/\",\"url\":\"https:\/\/www.koomeo.com\/fr\/formulaire-de-contact-demo\/\",\"name\":\"Formulaire de contact\",\"isPartOf\":{\"@id\":\"https:\/\/www.koomeo.com\/fr\/#website\"},\"datePublished\":\"2018-01-19T10:46:29+00:00\",\"dateModified\":\"2021-06-02T08:04:15+00:00\",\"description\":\"N'h\u00e9sitez pas \u00e0 remplir ce formulaire de contact pour plus d'informations sur les tarifs ou pour demander une d\u00e9monstration.\",\"breadcrumb\":{\"@id\":\"https:\/\/www.koomeo.com\/fr\/formulaire-de-contact-demo\/#breadcrumb\"},\"inLanguage\":\"fr-FR\",\"potentialAction\":[{\"@type\":\"ReadAction\",\"target\":[\"https:\/\/www.koomeo.com\/fr\/formulaire-de-contact-demo\/\"]}]},{\"@type\":\"BreadcrumbList\",\"@id\":\"https:\/\/www.koomeo.com\/fr\/formulaire-de-contact-demo\/#breadcrumb\",\"itemListElement\":[{\"@type\":\"ListItem\",\"position\":1,\"name\":\"Accueil\",\"item\":\"https:\/\/www.koomeo.com\/fr\/\"},{\"@type\":\"ListItem\",\"position\":2,\"name\":\"Formulaire de contact pour une d\u00e9mo ou sur les tarifs\"}]},{\"@type\":\"WebSite\",\"@id\":\"https:\/\/www.koomeo.com\/fr\/#website\",\"url\":\"https:\/\/www.koomeo.com\/fr\/\",\"name\":\"Koomeo\",\"description\":\"Le langage n&#039;est plus une barri\u00e8re\",\"publisher\":{\"@id\":\"https:\/\/www.koomeo.com\/fr\/#organization\"},\"potentialAction\":[{\"@type\":\"SearchAction\",\"target\":{\"@type\":\"EntryPoint\",\"urlTemplate\":\"https:\/\/www.koomeo.com\/fr\/?s={search_term_string}\"},\"query-input\":{\"@type\":\"PropertyValueSpecification\",\"valueRequired\":true,\"valueName\":\"search_term_string\"}}],\"inLanguage\":\"fr-FR\"},{\"@type\":\"Organization\",\"@id\":\"https:\/\/www.koomeo.com\/fr\/#organization\",\"name\":\"Koomeo\",\"url\":\"https:\/\/www.koomeo.com\/fr\/\",\"logo\":{\"@type\":\"ImageObject\",\"inLanguage\":\"fr-FR\",\"@id\":\"https:\/\/www.koomeo.com\/fr\/#\/schema\/logo\/image\/\",\"url\":\"https:\/\/www.koomeo.com\/fr\/wp-content\/uploads\/2016\/10\/Koomeo-noir-e1476887045876.png\",\"contentUrl\":\"https:\/\/www.koomeo.com\/fr\/wp-content\/uploads\/2016\/10\/Koomeo-noir-e1476887045876.png\",\"width\":1024,\"height\":768,\"caption\":\"Koomeo\"},\"image\":{\"@id\":\"https:\/\/www.koomeo.com\/fr\/#\/schema\/logo\/image\/\"}}]}<\/script>\r\n<!-- \/ Yoast SEO plugin. -->","yoast_head_json":{"title":"Formulaire de contact","description":"N'h\u00e9sitez pas \u00e0 remplir ce formulaire de contact pour plus d'informations sur les tarifs ou pour demander une d\u00e9monstration.","robots":{"index":"index","follow":"follow","max-snippet":"max-snippet:-1","max-image-preview":"max-image-preview:large","max-video-preview":"max-video-preview:-1"},"canonical":"https:\/\/www.koomeo.com\/fr\/formulaire-de-contact-demo\/","og_locale":"fr_FR","og_type":"article","og_title":"Formulaire de contact","og_description":"N'h\u00e9sitez pas \u00e0 remplir ce formulaire de contact pour plus d'informations sur les tarifs ou pour demander une d\u00e9monstration.","og_url":"https:\/\/www.koomeo.com\/fr\/formulaire-de-contact-demo\/","og_site_name":"Koomeo","article_modified_time":"2021-06-02T08:04:15+00:00","twitter_card":"summary_large_image","schema":{"@context":"https:\/\/schema.org","@graph":[{"@type":"WebPage","@id":"https:\/\/www.koomeo.com\/fr\/formulaire-de-contact-demo\/","url":"https:\/\/www.koomeo.com\/fr\/formulaire-de-contact-demo\/","name":"Formulaire de contact","isPartOf":{"@id":"https:\/\/www.koomeo.com\/fr\/#website"},"datePublished":"2018-01-19T10:46:29+00:00","dateModified":"2021-06-02T08:04:15+00:00","description":"N'h\u00e9sitez pas \u00e0 remplir ce formulaire de contact pour plus d'informations sur les tarifs ou pour demander une d\u00e9monstration.","breadcrumb":{"@id":"https:\/\/www.koomeo.com\/fr\/formulaire-de-contact-demo\/#breadcrumb"},"inLanguage":"fr-FR","potentialAction":[{"@type":"ReadAction","target":["https:\/\/www.koomeo.com\/fr\/formulaire-de-contact-demo\/"]}]},{"@type":"BreadcrumbList","@id":"https:\/\/www.koomeo.com\/fr\/formulaire-de-contact-demo\/#breadcrumb","itemListElement":[{"@type":"ListItem","position":1,"name":"Accueil","item":"https:\/\/www.koomeo.com\/fr\/"},{"@type":"ListItem","position":2,"name":"Formulaire de contact pour une d\u00e9mo ou sur les tarifs"}]},{"@type":"WebSite","@id":"https:\/\/www.koomeo.com\/fr\/#website","url":"https:\/\/www.koomeo.com\/fr\/","name":"Koomeo","description":"Le langage n&#039;est plus une barri\u00e8re","publisher":{"@id":"https:\/\/www.koomeo.com\/fr\/#organization"},"potentialAction":[{"@type":"SearchAction","target":{"@type":"EntryPoint","urlTemplate":"https:\/\/www.koomeo.com\/fr\/?s={search_term_string}"},"query-input":{"@type":"PropertyValueSpecification","valueRequired":true,"valueName":"search_term_string"}}],"inLanguage":"fr-FR"},{"@type":"Organization","@id":"https:\/\/www.koomeo.com\/fr\/#organization","name":"Koomeo","url":"https:\/\/www.koomeo.com\/fr\/","logo":{"@type":"ImageObject","inLanguage":"fr-FR","@id":"https:\/\/www.koomeo.com\/fr\/#\/schema\/logo\/image\/","url":"https:\/\/www.koomeo.com\/fr\/wp-content\/uploads\/2016\/10\/Koomeo-noir-e1476887045876.png","contentUrl":"https:\/\/www.koomeo.com\/fr\/wp-content\/uploads\/2016\/10\/Koomeo-noir-e1476887045876.png","width":1024,"height":768,"caption":"Koomeo"},"image":{"@id":"https:\/\/www.koomeo.com\/fr\/#\/schema\/logo\/image\/"}}]}},"_links":{"self":[{"href":"https:\/\/www.koomeo.com\/fr\/wp-json\/wp\/v2\/pages\/87"}],"collection":[{"href":"https:\/\/www.koomeo.com\/fr\/wp-json\/wp\/v2\/pages"}],"about":[{"href":"https:\/\/www.koomeo.com\/fr\/wp-json\/wp\/v2\/types\/page"}],"author":[{"embeddable":true,"href":"https:\/\/www.koomeo.com\/fr\/wp-json\/wp\/v2\/users\/1"}],"replies":[{"embeddable":true,"href":"https:\/\/www.koomeo.com\/fr\/wp-json\/wp\/v2\/comments?post=87"}],"version-history":[{"count":38,"href":"https:\/\/www.koomeo.com\/fr\/wp-json\/wp\/v2\/pages\/87\/revisions"}],"predecessor-version":[{"id":630,"href":"https:\/\/www.koomeo.com\/fr\/wp-json\/wp\/v2\/pages\/87\/revisions\/630"}],"wp:attachment":[{"href":"https:\/\/www.koomeo.com\/fr\/wp-json\/wp\/v2\/media?parent=87"}],"curies":[{"name":"wp","href":"https:\/\/api.w.org\/{rel}","templated":true}]}}